{"id":10,"date":"2015-01-21T10:04:25","date_gmt":"2015-01-21T09:04:25","guid":{"rendered":"http:\/\/www.maleryd.se\/soderlyckan\/?page_id=10"},"modified":"2020-10-19T18:31:44","modified_gmt":"2020-10-19T17:31:44","slug":"bostadsratter","status":"publish","type":"page","link":"http:\/\/www.maleryd.se\/soderlyckan\/bostadsratter\/","title":{"rendered":"Bostadsr\u00e4tter"},"content":{"rendered":"<h1>BOSTADSR\u00c4TTER<\/h1>\n<p>I huset p\u00e5 kullen ryms 14 bostadsr\u00e4tter f\u00f6rdelade p\u00e5 tv\u00e5or och treor. Samtliga l\u00e4genheter har inglasade balkonger som skyddar fr\u00e5n v\u00e4der och vind och blir till en integrerad del av bostaden.<\/p>\n<p>L\u00e4genheterna k\u00e4nnetecknas av \u00f6ppna, sociala ytor med gott om ljusinsl\u00e4pp och en h\u00f6g standard p\u00e5 allt fr\u00e5n vitvaror till d\u00f6rrlister.<\/p>\n<p>P\u00e5 taket finns en stor, h\u00e4rlig terrass till vilken alla i huset har tillg\u00e5ng. H\u00e4r finns en h\u00e4nf\u00f6rande havsutsikt, plats f\u00f6r kryddodlingar, h\u00e4rlig blomsterprakt och sittgrupper. H\u00e4r kan du ta en kopp kaffe, l\u00e4sa en bok eller sm\u00e5prata med grannarna. Kan det bli b\u00e4ttre?<\/p>\n<p><a title=\"2 rok\" href=\"http:\/\/www.maleryd.se\/soderlyckan\/bostadsratter\/planritningar\/2-rok\/\">SE PLANRITNINGAR<\/a><\/p>\n","protected":false},"excerpt":{"rendered":"BOSTADSR\u00c4TTER I huset p\u00e5 kullen ryms 14 bostadsr\u00e4tter f\u00f6rdelade p\u00e5 tv\u00e5or och treor. Samtliga l\u00e4genheter har inglasade balkonger som skyddar fr\u00e5n v\u00e4der och vind och blir till en integrerad del av bostaden. L\u00e4genheterna k\u00e4nnetecknas av \u00f6ppna, sociala ytor med gott om ljusinsl\u00e4pp och en h\u00f6g standard p\u00e5 allt fr\u00e5n vitvaror till d\u00f6rrlister. P\u00e5 taket finns&#8230; <a class=\"view-article\" href=\"http:\/\/www.maleryd.se\/soderlyckan\/bostadsratter\/\">View Article<\/a>","protected":false},"author":3,"featured_media":0,"parent":0,"menu_order":0,"comment_status":"open","ping_status":"closed","template":"","meta":[],"_links":{"self":[{"href":"http:\/\/www.maleryd.se\/soderlyckan\/wp-json\/wp\/v2\/pages\/10"}],"collection":[{"href":"http:\/\/www.maleryd.se\/soderlyckan\/wp-json\/wp\/v2\/pages"}],"about":[{"href":"http:\/\/www.maleryd.se\/soderlyckan\/wp-json\/wp\/v2\/types\/page"}],"author":[{"embeddable":true,"href":"http:\/\/www.maleryd.se\/soderlyckan\/wp-json\/wp\/v2\/users\/3"}],"replies":[{"embeddable":true,"href":"http:\/\/www.maleryd.se\/soderlyckan\/wp-json\/wp\/v2\/comments?post=10"}],"version-history":[{"count":6,"href":"http:\/\/www.maleryd.se\/soderlyckan\/wp-json\/wp\/v2\/pages\/10\/revisions"}],"predecessor-version":[{"id":181,"href":"http:\/\/www.maleryd.se\/soderlyckan\/wp-json\/wp\/v2\/pages\/10\/revisions\/181"}],"wp:attachment":[{"href":"http:\/\/www.maleryd.se\/soderlyckan\/wp-json\/wp\/v2\/media?parent=10"}],"curies":[{"name":"wp","href":"https:\/\/api.w.org\/{rel}","templated":true}]}}