{"id":12,"date":"2015-01-21T10:09:47","date_gmt":"2015-01-21T09:09:47","guid":{"rendered":"http:\/\/www.maleryd.se\/soderlyckan\/?page_id=12"},"modified":"2017-02-28T15:01:25","modified_gmt":"2017-02-28T14:01:25","slug":"hyresratter","status":"publish","type":"page","link":"http:\/\/www.maleryd.se\/soderlyckan\/hyresratter\/","title":{"rendered":"Hyresr\u00e4tter"},"content":{"rendered":"<h1>HYRESR\u00c4TTER<\/h1>\n<p>I mittenhuset ryms 29\u00a0hyresl\u00e4genheter f\u00f6rdelade p\u00e5 ettor, tv\u00e5or och treor. Samtliga l\u00e4genheter har inglasade balkonger (ettorna har franska balkonger) som skyddar fr\u00e5n v\u00e4der och vind och blir till en integrerad del av bostaden.<\/p>\n<p>L\u00e4genheterna k\u00e4nnetecknas av \u00f6ppna, sociala ytor med gott om ljusinsl\u00e4pp och en h\u00f6g standard p\u00e5 allt fr\u00e5n vitvaror till d\u00f6rrlister. F\u00e4rgs\u00e4ttningen \u00e4r genomg\u00e5ende ljus och samtliga l\u00e4genheter har egen tv\u00e4ttpelare (ettorna har kombimaskiner) i badrummet. Det ska vara bekv\u00e4mt att bo h\u00e4r!<\/p>\n<p>P\u00e5 taket finns en stor, h\u00e4rlig terrass till vilken alla i huset har tillg\u00e5ng. H\u00e4r har du utsikt \u00f6ver havet, det finns plats f\u00f6r kryddodlingar, h\u00e4rlig blomsterprakt och sittgrupper. H\u00e4r kan du ta en kopp kaffe, l\u00e4sa en bok eller sm\u00e5prata med grannarna. Kan det bli b\u00e4ttre?<\/p>\n<p>&nbsp;<\/p>\n<p><a title=\"Plan 1\" href=\"http:\/\/www.maleryd.se\/soderlyckan\/hyresratter\/planritningar\/plan-1\/\">SE PLANRITNINGAR<\/a><\/p>\n","protected":false},"excerpt":{"rendered":"HYRESR\u00c4TTER I mittenhuset ryms 29\u00a0hyresl\u00e4genheter f\u00f6rdelade p\u00e5 ettor, tv\u00e5or och treor. Samtliga l\u00e4genheter har inglasade balkonger (ettorna har franska balkonger) som skyddar fr\u00e5n v\u00e4der och vind och blir till en integrerad del av bostaden. L\u00e4genheterna k\u00e4nnetecknas av \u00f6ppna, sociala ytor med gott om ljusinsl\u00e4pp och en h\u00f6g standard p\u00e5 allt fr\u00e5n vitvaror till d\u00f6rrlister. F\u00e4rgs\u00e4ttningen&#8230; <a class=\"view-article\" href=\"http:\/\/www.maleryd.se\/soderlyckan\/hyresratter\/\">View Article<\/a>","protected":false},"author":3,"featured_media":0,"parent":0,"menu_order":0,"comment_status":"open","ping_status":"closed","template":"","meta":[],"_links":{"self":[{"href":"http:\/\/www.maleryd.se\/soderlyckan\/wp-json\/wp\/v2\/pages\/12"}],"collection":[{"href":"http:\/\/www.maleryd.se\/soderlyckan\/wp-json\/wp\/v2\/pages"}],"about":[{"href":"http:\/\/www.maleryd.se\/soderlyckan\/wp-json\/wp\/v2\/types\/page"}],"author":[{"embeddable":true,"href":"http:\/\/www.maleryd.se\/soderlyckan\/wp-json\/wp\/v2\/users\/3"}],"replies":[{"embeddable":true,"href":"http:\/\/www.maleryd.se\/soderlyckan\/wp-json\/wp\/v2\/comments?post=12"}],"version-history":[{"count":11,"href":"http:\/\/www.maleryd.se\/soderlyckan\/wp-json\/wp\/v2\/pages\/12\/revisions"}],"predecessor-version":[{"id":173,"href":"http:\/\/www.maleryd.se\/soderlyckan\/wp-json\/wp\/v2\/pages\/12\/revisions\/173"}],"wp:attachment":[{"href":"http:\/\/www.maleryd.se\/soderlyckan\/wp-json\/wp\/v2\/media?parent=12"}],"curies":[{"name":"wp","href":"https:\/\/api.w.org\/{rel}","templated":true}]}}