{"id":15,"date":"2015-01-21T10:12:40","date_gmt":"2015-01-21T09:12:40","guid":{"rendered":"http:\/\/www.maleryd.se\/soderlyckan\/?page_id=15"},"modified":"2017-02-28T15:02:15","modified_gmt":"2017-02-28T14:02:15","slug":"seniorboende","status":"publish","type":"page","link":"http:\/\/www.maleryd.se\/soderlyckan\/seniorboende\/","title":{"rendered":"Seniorboende"},"content":{"rendered":"<h1>Seniorboende 70+<\/h1>\n<p>I det h\u00e4r huset ryms 20 hyresl\u00e4genheter f\u00f6rdelade p\u00e5 l\u00e4genhetsstorlekarna 1,5 rum och k\u00f6k och tv\u00e5 rum och k\u00f6k. Samtliga l\u00e4genheter har inglasade balkonger som skyddar fr\u00e5n v\u00e4der och vind och blir till en integrerad del av bostaden.<\/p>\n<p>L\u00e4genheterna k\u00e4nnetecknas av \u00f6ppna, sociala ytor med gott om ljusinsl\u00e4pp och en h\u00f6g standard p\u00e5 allt fr\u00e5n vitvaror till d\u00f6rrlister. F\u00e4rgs\u00e4ttningen \u00e4r genomg\u00e5ende ljus och samtliga l\u00e4genheter har egen tv\u00e4ttpelare i badrummet. H\u00e4r finns heller inga tr\u00f6sklar som hindrar framkomligheten och hissen \u00e4r extra stor och rymlig. Det ska vara bekv\u00e4mt att bo h\u00e4r!<\/p>\n<p>I huset finns en husv\u00e4rd tillg\u00e4nglig under eftermiddagarna, vilket ger en extra trygghet. H\u00e4r finns ocks\u00e5 en gemensamhetslokal p\u00e5 bottenplan som \u00e4r fri att anv\u00e4ndas f\u00f6r olika aktiviteter.\u00a0\u00c4r ni tv\u00e5 som flyttar till en l\u00e4genhet h\u00e4r s\u00e5 r\u00e4cker det med att en av er \u00e4r 70+.<\/p>\n<p>P\u00e5 taket finns en h\u00e4rlig terrass som alla i huset har tillg\u00e5ng till. H\u00e4r kan du titta ut \u00f6ver havet och h\u00e4r finns plats f\u00f6r kryddodlingar, blommor och bekv\u00e4ma sittgrupper. Du ta en kopp kaffe, l\u00e4s en bok eller sm\u00e5prata med grannarna.<\/p>\n<p>Kan det bli b\u00e4ttre?<\/p>\n<p>&nbsp;<\/p>\n<p><a title=\"Planritningar\" href=\"http:\/\/www.maleryd.se\/soderlyckan\/seniorboende\/planritningar\/plan-1\">SE PLANRITNINGAR<\/a><\/p>\n","protected":false},"excerpt":{"rendered":"Seniorboende 70+ I det h\u00e4r huset ryms 20 hyresl\u00e4genheter f\u00f6rdelade p\u00e5 l\u00e4genhetsstorlekarna 1,5 rum och k\u00f6k och tv\u00e5 rum och k\u00f6k. Samtliga l\u00e4genheter har inglasade balkonger som skyddar fr\u00e5n v\u00e4der och vind och blir till en integrerad del av bostaden. L\u00e4genheterna k\u00e4nnetecknas av \u00f6ppna, sociala ytor med gott om ljusinsl\u00e4pp och en h\u00f6g standard p\u00e5&#8230; <a class=\"view-article\" href=\"http:\/\/www.maleryd.se\/soderlyckan\/seniorboende\/\">View Article<\/a>","protected":false},"author":3,"featured_media":0,"parent":0,"menu_order":0,"comment_status":"open","ping_status":"closed","template":"","meta":[],"_links":{"self":[{"href":"http:\/\/www.maleryd.se\/soderlyckan\/wp-json\/wp\/v2\/pages\/15"}],"collection":[{"href":"http:\/\/www.maleryd.se\/soderlyckan\/wp-json\/wp\/v2\/pages"}],"about":[{"href":"http:\/\/www.maleryd.se\/soderlyckan\/wp-json\/wp\/v2\/types\/page"}],"author":[{"embeddable":true,"href":"http:\/\/www.maleryd.se\/soderlyckan\/wp-json\/wp\/v2\/users\/3"}],"replies":[{"embeddable":true,"href":"http:\/\/www.maleryd.se\/soderlyckan\/wp-json\/wp\/v2\/comments?post=15"}],"version-history":[{"count":9,"href":"http:\/\/www.maleryd.se\/soderlyckan\/wp-json\/wp\/v2\/pages\/15\/revisions"}],"predecessor-version":[{"id":175,"href":"http:\/\/www.maleryd.se\/soderlyckan\/wp-json\/wp\/v2\/pages\/15\/revisions\/175"}],"wp:attachment":[{"href":"http:\/\/www.maleryd.se\/soderlyckan\/wp-json\/wp\/v2\/media?parent=15"}],"curies":[{"name":"wp","href":"https:\/\/api.w.org\/{rel}","templated":true}]}}