{"id":2,"date":"2015-01-20T14:16:20","date_gmt":"2015-01-20T14:16:20","guid":{"rendered":"http:\/\/www.maleryd.se\/soderlyckan\/?page_id=2"},"modified":"2020-10-19T18:30:49","modified_gmt":"2020-10-19T17:30:49","slug":"nara-till-allt","status":"publish","type":"page","link":"http:\/\/www.maleryd.se\/soderlyckan\/nara-till-allt\/","title":{"rendered":"N\u00e4ra till allt"},"content":{"rendered":"<h1>Varbergs\u00a0b\u00e4sta utsikt?<\/h1>\n<p>Alla tre husen p\u00e5 S\u00f6derlyckan har fantastiska takterrasser med utsikt \u00f6ver staden och havet.\u00a0Takterrassen \u00e4r gemensam f\u00f6r alla boende i huset.<\/p>\n","protected":false},"excerpt":{"rendered":"Varbergs\u00a0b\u00e4sta utsikt? Alla tre husen p\u00e5 S\u00f6derlyckan har fantastiska takterrasser med utsikt \u00f6ver staden och havet.\u00a0Takterrassen \u00e4r gemensam f\u00f6r alla boende i huset.","protected":false},"author":3,"featured_media":0,"parent":0,"menu_order":0,"comment_status":"open","ping_status":"closed","template":"","meta":[],"_links":{"self":[{"href":"http:\/\/www.maleryd.se\/soderlyckan\/wp-json\/wp\/v2\/pages\/2"}],"collection":[{"href":"http:\/\/www.maleryd.se\/soderlyckan\/wp-json\/wp\/v2\/pages"}],"about":[{"href":"http:\/\/www.maleryd.se\/soderlyckan\/wp-json\/wp\/v2\/types\/page"}],"author":[{"embeddable":true,"href":"http:\/\/www.maleryd.se\/soderlyckan\/wp-json\/wp\/v2\/users\/3"}],"replies":[{"embeddable":true,"href":"http:\/\/www.maleryd.se\/soderlyckan\/wp-json\/wp\/v2\/comments?post=2"}],"version-history":[{"count":7,"href":"http:\/\/www.maleryd.se\/soderlyckan\/wp-json\/wp\/v2\/pages\/2\/revisions"}],"predecessor-version":[{"id":179,"href":"http:\/\/www.maleryd.se\/soderlyckan\/wp-json\/wp\/v2\/pages\/2\/revisions\/179"}],"wp:attachment":[{"href":"http:\/\/www.maleryd.se\/soderlyckan\/wp-json\/wp\/v2\/media?parent=2"}],"curies":[{"name":"wp","href":"https:\/\/api.w.org\/{rel}","templated":true}]}}