{"id":6,"date":"2015-01-21T09:44:26","date_gmt":"2015-01-21T08:44:26","guid":{"rendered":"http:\/\/www.maleryd.se\/soderlyckan\/?page_id=6"},"modified":"2020-10-19T18:28:58","modified_gmt":"2020-10-19T17:28:58","slug":"naturliga-hus","status":"publish","type":"page","link":"http:\/\/www.maleryd.se\/soderlyckan\/","title":{"rendered":"Naturliga hus"},"content":{"rendered":"<h3><\/h3>\n<h1>DE NYA HUSEN P\u00c5 S\u00d6DERLYCKAN<\/h1>\n<p>Alldeles intill den v\u00e4stra kanten av P\u00e5skbergsskogen har tre kubformade passivhus v\u00e4xt upp. Byggda med en tydlig milj\u00f6medvetenhet i varje detalj \u2013 i materialet, i uppv\u00e4rmningen och i den kreativa utemilj\u00f6n. H\u00e4r finns det gott om plats f\u00f6r det aktiva och sk\u00f6na livet och p\u00e5 perfekt g\u00e5ngavst\u00e5nd fr\u00e5n b\u00e5de havet och centrum.<\/p>\n","protected":false},"excerpt":{"rendered":"DE NYA HUSEN P\u00c5 S\u00d6DERLYCKAN Alldeles intill den v\u00e4stra kanten av P\u00e5skbergsskogen har tre kubformade passivhus v\u00e4xt upp. Byggda med en tydlig milj\u00f6medvetenhet i varje detalj \u2013 i materialet, i uppv\u00e4rmningen och i den kreativa utemilj\u00f6n. H\u00e4r finns det gott om plats f\u00f6r det aktiva och sk\u00f6na livet och p\u00e5 perfekt g\u00e5ngavst\u00e5nd fr\u00e5n b\u00e5de havet&#8230; <a class=\"view-article\" href=\"http:\/\/www.maleryd.se\/soderlyckan\/\">View Article<\/a>","protected":false},"author":3,"featured_media":0,"parent":0,"menu_order":0,"comment_status":"open","ping_status":"closed","template":"","meta":[],"_links":{"self":[{"href":"http:\/\/www.maleryd.se\/soderlyckan\/wp-json\/wp\/v2\/pages\/6"}],"collection":[{"href":"http:\/\/www.maleryd.se\/soderlyckan\/wp-json\/wp\/v2\/pages"}],"about":[{"href":"http:\/\/www.maleryd.se\/soderlyckan\/wp-json\/wp\/v2\/types\/page"}],"author":[{"embeddable":true,"href":"http:\/\/www.maleryd.se\/soderlyckan\/wp-json\/wp\/v2\/users\/3"}],"replies":[{"embeddable":true,"href":"http:\/\/www.maleryd.se\/soderlyckan\/wp-json\/wp\/v2\/comments?post=6"}],"version-history":[{"count":10,"href":"http:\/\/www.maleryd.se\/soderlyckan\/wp-json\/wp\/v2\/pages\/6\/revisions"}],"predecessor-version":[{"id":178,"href":"http:\/\/www.maleryd.se\/soderlyckan\/wp-json\/wp\/v2\/pages\/6\/revisions\/178"}],"wp:attachment":[{"href":"http:\/\/www.maleryd.se\/soderlyckan\/wp-json\/wp\/v2\/media?parent=6"}],"curies":[{"name":"wp","href":"https:\/\/api.w.org\/{rel}","templated":true}]}}