{"id":98,"date":"2015-02-03T15:19:53","date_gmt":"2015-02-03T14:19:53","guid":{"rendered":"http:\/\/www.maleryd.se\/soderlyckan\/?page_id=98"},"modified":"2015-02-03T15:19:53","modified_gmt":"2015-02-03T14:19:53","slug":"plan-5","status":"publish","type":"page","link":"http:\/\/www.maleryd.se\/soderlyckan\/hyresratter\/planritningar\/plan-5\/","title":{"rendered":"Plan 5"},"content":{"rendered":"<h1>HYRESR\u00c4TTER<\/h1>\n<hr \/>\n<ul>\n<li>V\u00e4lj vilket plan:<\/li>\n<li><a title=\"Plan 1\" href=\"http:\/\/www.maleryd.se\/soderlyckan\/hyresratter\/planritningar\/plan-1\/\">Plan 1<\/a><\/li>\n<li><a title=\"Plan 2\" href=\"http:\/\/www.maleryd.se\/soderlyckan\/hyresratter\/planritningar\/plan-2\/\">Plan 2<\/a><\/li>\n<li><a title=\"Plan 3\" href=\"http:\/\/www.maleryd.se\/soderlyckan\/hyresratter\/planritningar\/plan-3\/\">Plan 3<\/a><\/li>\n<li><a title=\"Plan 4\" href=\"http:\/\/www.maleryd.se\/soderlyckan\/hyresratter\/planritningar\/plan-4\/\">Plan 4<\/a><\/li>\n<li><a title=\"Plan 5\" href=\"http:\/\/www.maleryd.se\/soderlyckan\/hyresratter\/planritningar\/plan-5\/\">Plan 5<\/a><\/li>\n<li><a title=\"Plan 6\" href=\"http:\/\/www.maleryd.se\/soderlyckan\/hyresratter\/planritningar\/plan-6\/\">Plan 6<\/a><\/li>\n<\/ul>\n<hr \/>\n<p>F\u00f6r\u00a0mer detaljerade planritningar\u00a0<a href=\"http:\/\/www.maleryd.se\/soderlyckan\/wp-content\/uploads\/2015\/02\/2015-01-27_S\u00f6derlyckan_Prospekt_hus2.pdf\">klicka h\u00e4r<\/a><\/p>\n<h1>Plan 5<\/h1>\n<p><a href=\"http:\/\/www.maleryd.se\/soderlyckan\/wp-content\/uploads\/2015\/02\/plan5.png\"><img loading=\"lazy\" width=\"560\" height=\"1417\" class=\"alignnone size-full wp-image-99\" src=\"http:\/\/www.maleryd.se\/soderlyckan\/wp-content\/uploads\/2015\/02\/plan5.png\" alt=\"plan5\" srcset=\"http:\/\/www.maleryd.se\/soderlyckan\/wp-content\/uploads\/2015\/02\/plan5.png 560w, http:\/\/www.maleryd.se\/soderlyckan\/wp-content\/uploads\/2015\/02\/plan5-250x633.png 250w, http:\/\/www.maleryd.se\/soderlyckan\/wp-content\/uploads\/2015\/02\/plan5-120x304.png 120w\" sizes=\"(max-width: 560px) 100vw, 560px\" \/><\/a><\/p>\n","protected":false},"excerpt":{"rendered":"HYRESR\u00c4TTER V\u00e4lj vilket plan: Plan 1 Plan 2 Plan 3 Plan 4 Plan 5 Plan 6 F\u00f6r\u00a0mer detaljerade planritningar\u00a0klicka h\u00e4r Plan 5","protected":false},"author":3,"featured_media":0,"parent":71,"menu_order":0,"comment_status":"open","ping_status":"closed","template":"","meta":[],"_links":{"self":[{"href":"http:\/\/www.maleryd.se\/soderlyckan\/wp-json\/wp\/v2\/pages\/98"}],"collection":[{"href":"http:\/\/www.maleryd.se\/soderlyckan\/wp-json\/wp\/v2\/pages"}],"about":[{"href":"http:\/\/www.maleryd.se\/soderlyckan\/wp-json\/wp\/v2\/types\/page"}],"author":[{"embeddable":true,"href":"http:\/\/www.maleryd.se\/soderlyckan\/wp-json\/wp\/v2\/users\/3"}],"replies":[{"embeddable":true,"href":"http:\/\/www.maleryd.se\/soderlyckan\/wp-json\/wp\/v2\/comments?post=98"}],"version-history":[{"count":1,"href":"http:\/\/www.maleryd.se\/soderlyckan\/wp-json\/wp\/v2\/pages\/98\/revisions"}],"predecessor-version":[{"id":100,"href":"http:\/\/www.maleryd.se\/soderlyckan\/wp-json\/wp\/v2\/pages\/98\/revisions\/100"}],"up":[{"embeddable":true,"href":"http:\/\/www.maleryd.se\/soderlyckan\/wp-json\/wp\/v2\/pages\/71"}],"wp:attachment":[{"href":"http:\/\/www.maleryd.se\/soderlyckan\/wp-json\/wp\/v2\/media?parent=98"}],"curies":[{"name":"wp","href":"https:\/\/api.w.org\/{rel}","templated":true}]}}